{"id":14727,"date":"2021-02-22T17:18:18","date_gmt":"2021-02-22T17:18:18","guid":{"rendered":"https:\/\/cafconfsal.it\/centro-assistenza-fiscale\/?page_id=14727"},"modified":"2024-05-23T11:02:31","modified_gmt":"2024-05-23T11:02:31","slug":"f24","status":"publish","type":"page","link":"https:\/\/www.cafconfsal.it\/centro-assistenza-fiscale\/f24\/","title":{"rendered":"F24 telematico"},"content":{"rendered":"<section class=\"wpb-content-wrapper\"><p>[vc_section][vc_row][vc_column][vc_single_image image=&#8221;14731&#8243; img_size=&#8221;1200&#215;400&#8243; alignment=&#8221;center&#8221;][vc_column_text]<\/p>\n<p style=\"font-weight: 400;\">I soggetti che devono pagare un <a href=\"https:\/\/www.cafconfsal.it\/servizio\/f24-telematico\/\">F24<\/a>\u00a0contenente una compensazione, a prescindere dal fatto che il saldo del modello sia o meno a zero, non possono pi\u00f9 farlo presentandolo in modalit\u00e0 cartacea in banca o posta, n\u00e9 possono far addebitare sul proprio conto, ma devono necessariamente procedere all\u2019invio telematico tramite intermediario abilitato.<\/p>\n<p>[\/vc_column_text]<h3>Come pagare il modello F24<\/h3>[vc_column_text]Per il pagamento dell\u2019 F24 il contribuente pu\u00f2:<\/p>\n<ul>\n<li>Avvalersi in qualit\u00e0 di intermediario abilitato del\u00a0<a href=\"https:\/\/cafconfsal.it\/centro-assistenza-fiscale\/\">Caf Confsal<\/a>;<\/li>\n<li>Aderire ai servizi telematici di pagamento messi a disposizione dall\u2019Agenzia delle Entrate (Fisconline nelle varianti F24 Web e F24 On Line) per i quali tuttavia occorre richiedere il PIN all\u2019Agenzia delle Entrate;<\/li>\n<li>Stipulare un contratto di home o remote banking con la propria banca o posta, solo per le deleghe che non contengono compensazioni, in quanto in questa ultima ipotesi il pagamento pu\u00f2 avvenire solo in via telematica, attraverso un intermediario abilitato.<\/li>\n<\/ul>\n<p>[\/vc_column_text]<h3>Compensazioni modello F24 2021 contribuenti non titolari di partita IVA<\/h3>[vc_column_text]<\/p>\n<table>\n<thead>\n<tr>\n<td style=\"text-align: left;\"><strong>Saldo modello F24<\/strong><\/td>\n<td style=\"text-align: left;\"><strong>Modalit\u00e0 di versamento<\/strong><\/td>\n<\/tr>\n<\/thead>\n<tbody>\n<tr>\n<td style=\"text-align: left;\">Modello F24 con saldo positivo senza compensazioni<\/td>\n<td style=\"text-align: left;\">\u00c8 ammesso il pagamento del modello F24 cartaceo ovvero tramite home banking o canale intermediari<\/td>\n<\/tr>\n<tr>\n<td style=\"text-align: left;\">Modello F24 con saldo positivo e compensazione di qualsiasi tipo<\/td>\n<td style=\"text-align: left;\">Obbligo di utilizzare i canali dell\u2019Agenzia delle Entrate (Entratel\/F24 online)<\/td>\n<\/tr>\n<tr>\n<td style=\"text-align: left;\">Modello F24 con saldo zero<\/td>\n<td style=\"text-align: left;\">Obbligo di utilizzare i canali dell\u2019Agenzia delle Entrate (Entratel\/F24 online)<\/td>\n<\/tr>\n<\/tbody>\n<\/table>\n<p>[\/vc_column_text]<h3>Compensazione modello F24 2021 contribuenti titolari di partita IVA<\/h3>[vc_column_text]<\/p>\n<table>\n<thead>\n<tr>\n<td style=\"text-align: left;\"><strong>Saldo modello F24<\/strong><\/td>\n<td style=\"text-align: left;\"><strong>Modalit\u00e0 di versamento<\/strong><\/td>\n<\/tr>\n<\/thead>\n<tbody>\n<tr>\n<td style=\"text-align: left;\">Modello F24 con saldo positivo senza compensazioni<\/td>\n<td style=\"text-align: left;\">Obbligo di Home Banking e facolt\u00e0 canale intermediari<\/td>\n<\/tr>\n<tr>\n<td style=\"text-align: left;\">Modello F24 con saldo positivo e<br \/>\ncompensazione di qualsiasi tipo<\/td>\n<td style=\"text-align: left;\">Obbligo di utilizzare i canali dell\u2019Agenzia delle Entrate (Entratel\/F24 online)<\/td>\n<\/tr>\n<tr>\n<td style=\"text-align: left;\">Modello F24 con saldo zero<\/td>\n<td style=\"text-align: left;\">Obbligo di utilizzare i canali dell\u2019Agenzia delle Entrate (Entratel\/F24 online)<\/td>\n<\/tr>\n<\/tbody>\n<\/table>\n<p>[\/vc_column_text]<h3>A chi rivolgersi per pagare il modello F24<\/h3>[vc_column_text]Semplice rivolgiti a uno dei nostri centri convenzionati. Provvederemo noi a trasmettere all\u2019Agenzia delle Entrate il tuo modello F24. Gli importi dovuti saranno addebitati dall\u2019Agenzia delle Entrate automaticamente sul tuo conto corrente entro le scadenze previste dalla legge.<\/p>\n<p>Eviterai cos\u00ec perdite di tempo e code per pagare![\/vc_column_text]<a href='https:\/\/cafconfsal.it\/centro-assistenza-fiscale\/sedi-del-caf\/' target='_self' title='' class='dt-sc-button   medium    shake '  style=\"background-color:#1e73be;border-color:#1e73be;color:#ffffff;\"> Rivolgiti ad un centro Caf Confsal. Cerca quello pi\u00f9 vicino a te \u2026qui. <\/a><div class=\"ult-spacer spacer-69e4a13ad0e5d\" data-id=\"69e4a13ad0e5d\" data-height=\"45\" data-height-mobile=\"45\" data-height-tab=\"45\" data-height-tab-portrait=\"\" data-height-mobile-landscape=\"\" style=\"clear:both;display:block;\"><\/div>[vc_single_image image=&#8221;15720&#8243; img_size=&#8221;full&#8221; alignment=&#8221;center&#8221; style=&#8221;vc_box_border&#8221; border_color=&#8221;sky&#8221;]<div class=\"ult-spacer spacer-69e4a13ad0e74\" data-id=\"69e4a13ad0e74\" data-height=\"45\" data-height-mobile=\"45\" data-height-tab=\"45\" data-height-tab-portrait=\"\" data-height-mobile-landscape=\"\" style=\"clear:both;display:block;\"><\/div>[\/vc_column][\/vc_row][\/vc_section]<\/p>\n<\/section>","protected":false},"excerpt":{"rendered":"<p>[vc_section][vc_row][vc_column][vc_single_image image=&#8221;14731&#8243; img_size=&#8221;1200&#215;400&#8243; alignment=&#8221;center&#8221;][vc_column_text] I soggetti che devono pagare un F24\u00a0contenente una compensazione, a prescindere dal fatto che il saldo del modello sia o meno a zero, non possono pi\u00f9 farlo presentandolo in modalit\u00e0 cartacea in banca o posta, n\u00e9 possono far addebitare sul proprio conto, ma devono necessariamente procedere all\u2019invio telematico tramite intermediario abilitato. [&hellip;]<\/p>\n","protected":false},"author":1,"featured_media":0,"parent":0,"menu_order":0,"comment_status":"closed","ping_status":"closed","template":"","meta":{"footnotes":""},"class_list":["post-14727","page","type-page","status-publish","hentry"],"_links":{"self":[{"href":"https:\/\/www.cafconfsal.it\/centro-assistenza-fiscale\/wp-json\/wp\/v2\/pages\/14727","targetHints":{"allow":["GET"]}}],"collection":[{"href":"https:\/\/www.cafconfsal.it\/centro-assistenza-fiscale\/wp-json\/wp\/v2\/pages"}],"about":[{"href":"https:\/\/www.cafconfsal.it\/centro-assistenza-fiscale\/wp-json\/wp\/v2\/types\/page"}],"author":[{"embeddable":true,"href":"https:\/\/www.cafconfsal.it\/centro-assistenza-fiscale\/wp-json\/wp\/v2\/users\/1"}],"replies":[{"embeddable":true,"href":"https:\/\/www.cafconfsal.it\/centro-assistenza-fiscale\/wp-json\/wp\/v2\/comments?post=14727"}],"version-history":[{"count":26,"href":"https:\/\/www.cafconfsal.it\/centro-assistenza-fiscale\/wp-json\/wp\/v2\/pages\/14727\/revisions"}],"predecessor-version":[{"id":16050,"href":"https:\/\/www.cafconfsal.it\/centro-assistenza-fiscale\/wp-json\/wp\/v2\/pages\/14727\/revisions\/16050"}],"wp:attachment":[{"href":"https:\/\/www.cafconfsal.it\/centro-assistenza-fiscale\/wp-json\/wp\/v2\/media?parent=14727"}],"curies":[{"name":"wp","href":"https:\/\/api.w.org\/{rel}","templated":true}]}}