{"id":14744,"date":"2021-02-23T12:10:02","date_gmt":"2021-02-23T12:10:02","guid":{"rendered":"https:\/\/cafconfsal.it\/centro-assistenza-fiscale\/?page_id=14744"},"modified":"2024-05-23T11:17:39","modified_gmt":"2024-05-23T11:17:39","slug":"modello-redditi-pf","status":"publish","type":"page","link":"https:\/\/www.cafconfsal.it\/centro-assistenza-fiscale\/modello-redditi-pf\/","title":{"rendered":"Modello Redditi PF"},"content":{"rendered":"<section class=\"wpb-content-wrapper\"><p>[vc_row][vc_column]<h2>Che cos\u2019\u00e8 il Modello redditi PF (Persone Fisica)<\/h2>[vc_column_text]<\/p>\n<p style=\"font-weight: 400;\">Il modello Redditi PF (Persone Fisiche ex Unico) \u00e8 il modello ordinario di dichiarazione dei redditi; si tratta di un modello tramite il quale \u00e8 possibile effettuare pi\u00f9 dichiarazioni fiscali. A differenza del\u00a0<a href=\"https:\/\/www.cafconfsal.it\/servizio\/modello-730\/\">modello 730<\/a>, nel modello Redditi (ex Unico) i versamenti delle imposte sono effettuati direttamente dal contribuente\u00a0attraverso il modello\u00a0<a href=\"https:\/\/www.cafconfsal.it\/servizio\/f24-telematico\/\">F24<\/a>, che pu\u00f2 essere inviato telematicamente tramite un intermediario abilitato, ovvero utilizzando il canale home banking o anche la tradizionale presentazione cartacea allo sportello bancario o postale.<\/p>\n<p>[\/vc_column_text]<h3>Chi deve presentare il modello Redditi Persone Fisiche<\/h3>[vc_column_text]<\/p>\n<p style=\"font-weight: 400;\">Devono presentare il modello Redditi Persone Fisiche e non possono utilizzare il\u00a0<a href=\"https:\/\/www.cafconfsal.it\/servizio\/modello-730\/\">modello 730<\/a>\u00a0precompilato o ordinario i contribuenti che si trovano in una delle seguenti situazioni:<\/p>\n<ol>\n<li style=\"font-weight: 400;\">nell\u2019anno d\u2019imposta hanno percepito:<\/li>\n<\/ol>\n<ul style=\"font-weight: 400;\">\n<li>redditi derivanti da produzione di \u201cagroenergie\u201d oltre i limiti previsti dal D.L. 66\/2014;<\/li>\n<li>redditi d\u2019impresa, anche in forma di partecipazione;<\/li>\n<li>redditi di lavoro autonomo per i quali \u00e8 richiesta la partita IVA;<\/li>\n<li>redditi \u201cdiversi\u201d non compresi tra quelli indicati nel quadro D, righi D4 e D5;<\/li>\n<li>plusvalenze derivanti dalla cessione di partecipazioni qualificate o derivanti dalla cessione di partecipazioni non qualificate in societ\u00e0 residenti in Paesi o territori a fiscalit\u00e0 privilegiata, i cui titoli non sono negoziati in mercati regolamentati;<\/li>\n<li>redditi provenienti da \u201ctrust\u201d, in qualit\u00e0 di beneficiario;<\/li>\n<\/ul>\n<ol start=\"2\">\n<li style=\"font-weight: 400;\">nell\u2019anno d\u2019imposta precedente, o in quello della presentazione della dichiarazione, non sono residenti in Italia;<br \/>\n3. devono presentare anche una delle seguenti dichiarazioni: IVA, IRAP, Mod. 770 (sostituti d\u2019imposta);<\/li>\n<\/ol>\n<p style=\"font-weight: 400;\">Il modello Redditi non pu\u00f2 essere presentato in forma congiunta.<\/p>\n<p style=\"font-weight: 400;\">A differenza del modello 730, nel modello Redditi i versamenti delle imposte sono effettuati direttamente dal contribuente attraverso il modello\u00a0<a href=\"https:\/\/www.cafconfsal.it\/servizio\/f24-telematico\/\">F24<\/a>, che deve essere presentato in banca o in posta (o solo per via telematica quando ci sono compensazioni con saldo a zero)<\/p>\n<p style=\"font-weight: 400;\">Qualora invece la dichiarazione si conclude con un credito di IRPEF e\/o delle addizionali, lo stesso pu\u00f2 essere:<\/p>\n<ul style=\"font-weight: 400;\">\n<li>chiesto a rimborso;<\/li>\n<li>lasciato a credito per essere utilizzato in diminuzione di imposte eventualmente dovute per l\u2019anno in corso o per l\u2019anno successivo (eccedenze).<\/li>\n<\/ul>\n<p>[\/vc_column_text]<h3>Chi deve presentare il modello Redditi Persone Fisiche<\/h3>[vc_column_text]<\/p>\n<p style=\"font-weight: 400;\">I contribuenti che intendono presentare il modello unico, possono rivolgersi al nostro.\u00a0<a href=\"https:\/\/www.cafconfsal.it\/adesioni-online-professionisti\/\">CAF<\/a>, a partire dal mese di giugno e fino al 31 ottobre, per la sua compilazione e per la successiva trasmissione telematica al Ministero delle Finanze e qualora il risultato della dichiarazione sia debito, anche nella compilazione delle deleghe di pagamento F24.<\/p>\n<p>[\/vc_column_text]<a href='https:\/\/cafconfsal.it\/centro-assistenza-fiscale\/sedi-del-caf\/' target='_self' title='' class='dt-sc-button   medium    shake '  style=\"background-color:#1e73be;border-color:#1e73be;color:#ffffff;\"> Rivolgiti ad un centro Caf Confsal. Cerca quello pi\u00f9 vicino a te \u2026qui. <\/a><div class=\"ult-spacer spacer-69deec8f77979\" data-id=\"69deec8f77979\" data-height=\"45\" data-height-mobile=\"45\" data-height-tab=\"45\" data-height-tab-portrait=\"\" data-height-mobile-landscape=\"\" style=\"clear:both;display:block;\"><\/div>[vc_single_image image=&#8221;15720&#8243; img_size=&#8221;full&#8221; alignment=&#8221;center&#8221; style=&#8221;vc_box_border&#8221; border_color=&#8221;sky&#8221;]<div class=\"ult-spacer spacer-69deec8f7798a\" data-id=\"69deec8f7798a\" data-height=\"45\" data-height-mobile=\"45\" data-height-tab=\"45\" data-height-tab-portrait=\"\" data-height-mobile-landscape=\"\" style=\"clear:both;display:block;\"><\/div>[\/vc_column][\/vc_row]<\/p>\n<\/section>","protected":false},"excerpt":{"rendered":"<p>[vc_row][vc_column][vc_column_text] Il modello Redditi PF (Persone Fisiche ex Unico) \u00e8 il modello ordinario di dichiarazione dei redditi; si tratta di un modello tramite il quale \u00e8 possibile effettuare pi\u00f9 dichiarazioni fiscali. A differenza del\u00a0modello 730, nel modello Redditi (ex Unico) i versamenti delle imposte sono effettuati direttamente dal contribuente\u00a0attraverso il modello\u00a0F24, che pu\u00f2 essere inviato [&hellip;]<\/p>\n","protected":false},"author":1,"featured_media":0,"parent":0,"menu_order":0,"comment_status":"closed","ping_status":"closed","template":"","meta":{"footnotes":""},"class_list":["post-14744","page","type-page","status-publish","hentry"],"_links":{"self":[{"href":"https:\/\/www.cafconfsal.it\/centro-assistenza-fiscale\/wp-json\/wp\/v2\/pages\/14744","targetHints":{"allow":["GET"]}}],"collection":[{"href":"https:\/\/www.cafconfsal.it\/centro-assistenza-fiscale\/wp-json\/wp\/v2\/pages"}],"about":[{"href":"https:\/\/www.cafconfsal.it\/centro-assistenza-fiscale\/wp-json\/wp\/v2\/types\/page"}],"author":[{"embeddable":true,"href":"https:\/\/www.cafconfsal.it\/centro-assistenza-fiscale\/wp-json\/wp\/v2\/users\/1"}],"replies":[{"embeddable":true,"href":"https:\/\/www.cafconfsal.it\/centro-assistenza-fiscale\/wp-json\/wp\/v2\/comments?post=14744"}],"version-history":[{"count":15,"href":"https:\/\/www.cafconfsal.it\/centro-assistenza-fiscale\/wp-json\/wp\/v2\/pages\/14744\/revisions"}],"predecessor-version":[{"id":16051,"href":"https:\/\/www.cafconfsal.it\/centro-assistenza-fiscale\/wp-json\/wp\/v2\/pages\/14744\/revisions\/16051"}],"wp:attachment":[{"href":"https:\/\/www.cafconfsal.it\/centro-assistenza-fiscale\/wp-json\/wp\/v2\/media?parent=14744"}],"curies":[{"name":"wp","href":"https:\/\/api.w.org\/{rel}","templated":true}]}}