{"id":14756,"date":"2021-02-23T12:31:57","date_gmt":"2021-02-23T12:31:57","guid":{"rendered":"https:\/\/cafconfsal.it\/centro-assistenza-fiscale\/?page_id=14756"},"modified":"2021-05-11T13:06:36","modified_gmt":"2021-05-11T13:06:36","slug":"modelli-prestazioni-assistenziali-inps","status":"publish","type":"page","link":"https:\/\/www.cafconfsal.it\/centro-assistenza-fiscale\/modelli-prestazioni-assistenziali-inps\/","title":{"rendered":"Modelli prestazioni assistenziali INPS"},"content":{"rendered":"<section class=\"wpb-content-wrapper\"><p>[vc_row][vc_column]<h2>Che cosa sono i modelli per le prestazioni assistenziali INPS?<\/h2>[vc_column_text]<strong>I modelli per le prestazioni previdenziali servono all\u2019INPS per verificare la sussistenza di certi requisiti, in funzione dei quali il beneficio legato alla prestazione &#8220;assistenziale&#8221; del soggetto richiedente potr\u00e0 essere o meno erogato, e se s\u00ec in quale misura<\/strong>.<br \/>\nEcco perch\u00e9 ogni anno l\u2019INPS invia a tutti gli interessati che percepiscono prestazioni \u201cassistenziali\u201d, una lettera in cui viene richiesto di aggiornare, per l\u2019anno di riferimento riportato nella comunicazione, alcuni stati, che possono essere soggetti a delle variazioni.[\/vc_column_text]<h2>Quali i sono i modelli per le prestazioni assistenziali INPS?<\/h2>[vc_column_text]<strong>Esistono diversi modelli<\/strong> a seconda della prestazione assistenziale erogata e si distinguono attraverso le sigle: <strong>ACCAS\/PS,\u00a0 ICRIC , ICLAV<\/strong>.[\/vc_column_text]<h3>Modello ACCAS\/PS<\/h3>[vc_column_text]Il <strong>modello ACCAS\/PS (Accertamento Assegno Sociale \/ Pensione Sociale)<\/strong> deve essere presentato dai titolari di <a href=\"http:\/\/www.ilpatronato.it\/patronato-inpas\/servizio-assistenza-consulenza-pratiche-di-patronato\/pratiche-pensioni-pubbliche-e-private\/\" target=\"_blank\" rel=\"noopener\">pensione sociale, assegno sociale e assegno sociale sostitutivo<\/a>. Con questo modello si andranno a dichiarare gli eventuali periodi di soggiorno fuori dal territorio italiano e i ricoveri in un istituto (pubblico\/privato\/in convenzione) con retta a carico proprio o dei familiari. In particolare, si fa presente che, per l\u2019erogazione della prestazione, non rilever\u00e0 la dimora all\u2019estero per un numero di giorni cumulabili inferiori o uguali a 30 nell\u2019arco di un anno solare. Nel caso in cui il soggetto sia stato ricoverato in un Istituto con retta a carico del soggetto o dei suoi familiari, occorrer\u00e0 indicare l\u2019importo effettivamente versato.[\/vc_column_text]<h3>Modello ICRIC<\/h3>[vc_column_text]Il <strong>modello\u00a0 ICRIC \u00a0ACCOMPAGNAMENTO non deve essere pi\u00f9 presentato<\/strong>, i dati relativi ai ricoveri vengono acquisiti direttamente dal <a href=\"http:\/\/www.salute.gov.it\/\" target=\"_blank\" rel=\"noopener\">Ministero della Salute<\/a>.<br \/>\nIl <strong>modello\u00a0 ICRIC \u00a0FREQUENZA non deve essere pi\u00f9 presentato<\/strong>, lo stato di frequenza scolastica viene acquisito direttamente dal <a href=\"https:\/\/www.miur.gov.it\/\" target=\"_blank\" rel=\"noopener\">Ministero dell\u2019Istruzione dell\u2019Universit\u00e0 e della Ricerca<\/a>.[\/vc_column_text]<h3>Modello ICLAV<\/h3>[vc_column_text]Il <strong>modello ICLAV (Invalidit\u00e0 Civile Lavoro) non deve essere pi\u00f9 presentato<\/strong>, per gli invalidi che sono stati occupati in un\u2019attivit\u00e0 lavorativa l\u2019INPS acquisisce direttamente dall\u2019Agenzia delle Entrate tali informazioni.[\/vc_column_text]<h2>Trasmissione e compilazione dei modelli<\/h2>[vc_column_text]Il <strong>modello ACC.AS\/PS deve essere inviato dopo essere stato compilato, all\u2019INPS<\/strong>.<br \/>\nL\u2019\u00a0invio pu\u00f2 avvenire in due modalit\u00e0:<\/p>\n<ul>\n<li>tramite il portale dell\u2019INPS;<\/li>\n<li>tramite il\u00a0 CAF Confsal .<\/li>\n<\/ul>\n<p>[\/vc_column_text]<h3>Perch\u00e9 recarsi al Caf Confsal?<\/h3>[vc_column_text]<strong>Recandoti in una delle sedi del\u00a0 Caf \u00a0Confsal sarai assistito da personale qualificato, che GRATUITAMENTE, ti assister\u00e0 nella compilazione e nella trasmissione<\/strong> all\u2019INPS del modello ACC.AS\/PS[\/vc_column_text]<h3>Quali documenti portare al Caf?<\/h3>[vc_column_text]La\u00a0documentazione da consegnare\u00a0al\u00a0 CAF Confsal \u00a0\u00e8 la seguente:<\/p>\n<ul>\n<li>la copia di un documento di riconoscimento e tessera sanitaria;<\/li>\n<li>eventuale delega;<\/li>\n<li>In caso di soggiorno all\u2019estero, non per motivi sanitari, produrre periodo e indirizzo completo;<\/li>\n<li>Per i titolari di ASSEGNO SOCIALE, in caso di ricovero presso un istituto presentare la documentazione attestante tutti i periodi di ricovero;<\/li>\n<li>In caso di ricovero con retta a carico proprio o dei familiari:<br \/>\n&#8211; Ricevute di pagamento della retta;<\/li>\n<\/ul>\n<p>[\/vc_column_text]<a href='https:\/\/cafconfsal.it\/centro-assistenza-fiscale\/sedi-del-caf\/' target='_self' title='' class='dt-sc-button   medium    shake '  style=\"background-color:#1e73be;border-color:#1e73be;color:#ffffff;\"> Cerca la sede del CAF Confsal pi\u00f9 vicina a TE! <\/a><div class=\"ult-spacer spacer-69def5e8d8cef\" data-id=\"69def5e8d8cef\" data-height=\"45\" data-height-mobile=\"45\" data-height-tab=\"45\" data-height-tab-portrait=\"\" data-height-mobile-landscape=\"\" style=\"clear:both;display:block;\"><\/div>[vc_single_image image=&#8221;15720&#8243; img_size=&#8221;full&#8221; alignment=&#8221;center&#8221; style=&#8221;vc_box_border&#8221; border_color=&#8221;sky&#8221;]<div class=\"ult-spacer spacer-69def5e8d8d00\" data-id=\"69def5e8d8d00\" data-height=\"45\" data-height-mobile=\"45\" data-height-tab=\"45\" data-height-tab-portrait=\"\" data-height-mobile-landscape=\"\" style=\"clear:both;display:block;\"><\/div>[\/vc_column][\/vc_row][vc_row][vc_column][vc_column_text]<\/p>\n<p>[\/vc_column_text][\/vc_column][\/vc_row]<\/p>\n<\/section>","protected":false},"excerpt":{"rendered":"<p>[vc_row][vc_column][vc_column_text]I modelli per le prestazioni previdenziali servono all\u2019INPS per verificare la sussistenza di certi requisiti, in funzione dei quali il beneficio legato alla prestazione &#8220;assistenziale&#8221; del soggetto richiedente potr\u00e0 essere o meno erogato, e se s\u00ec in quale misura. Ecco perch\u00e9 ogni anno l\u2019INPS invia a tutti gli interessati che percepiscono prestazioni \u201cassistenziali\u201d, una lettera [&hellip;]<\/p>\n","protected":false},"author":1,"featured_media":0,"parent":0,"menu_order":0,"comment_status":"closed","ping_status":"closed","template":"","meta":{"footnotes":""},"class_list":["post-14756","page","type-page","status-publish","hentry"],"_links":{"self":[{"href":"https:\/\/www.cafconfsal.it\/centro-assistenza-fiscale\/wp-json\/wp\/v2\/pages\/14756","targetHints":{"allow":["GET"]}}],"collection":[{"href":"https:\/\/www.cafconfsal.it\/centro-assistenza-fiscale\/wp-json\/wp\/v2\/pages"}],"about":[{"href":"https:\/\/www.cafconfsal.it\/centro-assistenza-fiscale\/wp-json\/wp\/v2\/types\/page"}],"author":[{"embeddable":true,"href":"https:\/\/www.cafconfsal.it\/centro-assistenza-fiscale\/wp-json\/wp\/v2\/users\/1"}],"replies":[{"embeddable":true,"href":"https:\/\/www.cafconfsal.it\/centro-assistenza-fiscale\/wp-json\/wp\/v2\/comments?post=14756"}],"version-history":[{"count":9,"href":"https:\/\/www.cafconfsal.it\/centro-assistenza-fiscale\/wp-json\/wp\/v2\/pages\/14756\/revisions"}],"predecessor-version":[{"id":15741,"href":"https:\/\/www.cafconfsal.it\/centro-assistenza-fiscale\/wp-json\/wp\/v2\/pages\/14756\/revisions\/15741"}],"wp:attachment":[{"href":"https:\/\/www.cafconfsal.it\/centro-assistenza-fiscale\/wp-json\/wp\/v2\/media?parent=14756"}],"curies":[{"name":"wp","href":"https:\/\/api.w.org\/{rel}","templated":true}]}}