{"id":14763,"date":"2021-02-23T12:54:03","date_gmt":"2021-02-23T12:54:03","guid":{"rendered":"https:\/\/cafconfsal.it\/centro-assistenza-fiscale\/?page_id=14763"},"modified":"2021-05-11T13:04:50","modified_gmt":"2021-05-11T13:04:50","slug":"isee","status":"publish","type":"page","link":"https:\/\/www.cafconfsal.it\/centro-assistenza-fiscale\/isee\/","title":{"rendered":"ISEE"},"content":{"rendered":"<section class=\"wpb-content-wrapper\"><p>[vc_row][vc_column][vc_column_text]<\/p>\n<h3>Cos\u2019 \u00e8 l\u2019 ISEE? A cosa serve?<\/h3>\n<p>L\u2019 I.S.E.E. \u00e8 l\u2019Indicatore della Situazione Economica Equivalente. E\u2019 utilizzato da vari Enti (Comuni, Regioni, Universit\u00e0, ed altri) per il riconoscimento di prestazioni sociali agevolate o di pubblica utilit\u00e0.<br \/>\nTra le prestazioni sociali agevolate collegate all\u2019 ISEE, ci sono:<\/p>\n<ul>\n<li>l\u2019erogazione dell\u2019assegno di maternit\u00e0;<\/li>\n<li>l\u2019erogazione dell\u2019assegno per il nucleo familiare;<\/li>\n<li>asili nido e altri servizi per l\u2019infanzia;<\/li>\n<li>prestazioni scolastiche (mensa, trasporto, libri di testo, borse di studio ecc.);<\/li>\n<li>agevolazioni per le tasse universitarie;<\/li>\n<li>servizi socio sanitari domiciliari;<\/li>\n<li>servizi socio sanitari residenziali;<\/li>\n<li>agevolazioni per servizi di pubblica utilit\u00e0 (bonus su bollette di luce, gas, telefono);<\/li>\n<li>bonus beb\u00e8;<\/li>\n<li>altre prestazioni assistenziali<\/li>\n<\/ul>\n<h3>Come calcolare l\u2019 ISEE?<\/h3>\n<p>Il calcolo del modello Isee avviene dichiarando tutti i redditi e trattamenti percepiti nei due anni precedenti la sottoscrizione della Dsu ad eccezione di quelli relativi alla disabilit\u00e0 (ad es. tutti i redditi esenti dall\u2019IRPEF o assoggettati a ritenute alla fonte a titolo d\u2019imposta, i redditi esteri).<br \/>\nRelativamente alle componenti mobiliari ed immobiliari vanno indicati anche gli immobili e le attivit\u00e0 finanziarie detenute all\u2019estero e per conti correnti, depositi bancari e\/o postali va indicata la giacenza media annua.<br \/>\nSi dichiarano inoltre il possesso di autoveicoli, motoveicoli di cilindrata superiore a 500 cc, navi e imbarcazioni da diporto.<br \/>\nLa dichiarazione pu\u00f2 essere presentata in qualsiasi periodo dell\u2019anno ed ha validit\u00e0 fino al 15 gennaio dell\u2019anno successivo alla data di sottoscrizione della DSU. La maggior parte dei dati contenuti nella Dsu non sono pi\u00f9 autocertificati dal cittadino come in passato, ma vengono forniti direttamente dagli archivi Isee (ovvero archivi dell\u2019Agenzia delle Entrate e dell\u2019Inps stesso).<\/p>\n<p>All\u2019atto dell\u2019 elaborazione della Dsu, infatti, il CAF trasmetter\u00e0 tali informazioni all\u2019INPS e rilascer\u00e0 al cittadino una ricevuta di presentazione che potr\u00e0 essere utilizzata per accedere alle prestazioni agevolate; solo dopo aver completato il suo iter, sar\u00e0 resa disponibile l\u2019attestazione ISEE con il calcolo dell\u2019indicatore mediante i dati forniti direttamente dall\u2019INPS. Tutto ci\u00f2 si conclude entro 10 giorni lavorativi. Tale dichiarazione \u00e8 valida per tutti i componenti del nucleo familiare.<br \/>\nIndicatori ISEE<\/p>\n<h3>Sono previsti pi\u00f9 indicatori Isee:<\/h3>\n<ul>\n<li>Isee universit\u00e0 che include i genitori dello studente nel caso non sia autonomo secondo i criteri previsti dalla normativa.<\/li>\n<li>Isee nucleo ristretto: il nucleo familiare ristretto \u00e8 composto dal beneficiario, coniuge e figli (se presenti) escludendo eventuali altri soggetti conviventi. Si utilizza in caso di dottorato di ricerca e in favore di persone maggiorenni disabili.<\/li>\n<li>Isee sociosanitario;<\/li>\n<li>Isee sociosanitario residenze: si tratta di particolari prestazioni sociosanitarie, che prevedono ricoveri presso residenze protette o Residenze sanitarie assistenziali (Rsa), per cui si pu\u00f2 fare riferimento al nucleo familiare ristretto e vanno indicati i figli non inclusi nel nucleo del beneficiario.<\/li>\n<li>Isee minorenni con genitori non conviventi: in caso di minori nel nucleo familiare che abbiano genitori non coniugati e non conviventi tra loro, bisogna prendere in considerazione la condizione del genitore esterno al nucleo per stabilire se essa incide o meno nell\u2019Isee del nucleo familiare del minorenne.<\/li>\n<\/ul>\n<h3>ISEE corrente: che cos\u2019\u00e8?<\/h3>\n<p>\u00c8 possibile presentare un modello sostitutivo quando, nel periodo di validit\u00e0 della dichiarazione, intervengono fatti che mutano la composizione e\/o la situazione economica del nucleo familiare (ad esempio, in caso di perdita del lavoro), la cosiddetta ISEE corrente.<\/p>\n<h3>Come richiedere il modello ISEE al Caf Confsal?<\/h3>\n<p>I cittadini interessati alle prestazioni sociali agevolate legate al reddito possono recarsi agli sportelli del Caf Confsal per compilare la dichiarazione sostitutiva unica. Anche questo servizio, grazie ad apposite convenzioni con gli Enti Pubblici, erogatori di queste prestazioni, \u00e8 completamente gratuito.[\/vc_column_text]<a href='https:\/\/cafconfsal.it\/centro-assistenza-fiscale\/sedi-del-caf\/' target='_self' title='' class='dt-sc-button   medium    shake '  style=\"background-color:#1e73be;border-color:#1e73be;color:#ffffff;\"> Rivolgiti ad un centro Caf Confsal. Cerca quello pi\u00f9 vicino a te \u2026qui. <\/a><div class=\"ult-spacer spacer-69df0224d8bbd\" data-id=\"69df0224d8bbd\" data-height=\"45\" data-height-mobile=\"45\" data-height-tab=\"45\" data-height-tab-portrait=\"\" data-height-mobile-landscape=\"\" style=\"clear:both;display:block;\"><\/div>[vc_single_image image=&#8221;15720&#8243; img_size=&#8221;full&#8221; alignment=&#8221;center&#8221; style=&#8221;vc_box_border&#8221; border_color=&#8221;sky&#8221;]<div class=\"ult-spacer spacer-69df0224d8bcd\" data-id=\"69df0224d8bcd\" data-height=\"45\" data-height-mobile=\"45\" data-height-tab=\"45\" data-height-tab-portrait=\"\" data-height-mobile-landscape=\"\" style=\"clear:both;display:block;\"><\/div>[\/vc_column][\/vc_row]<\/p>\n<\/section>","protected":false},"excerpt":{"rendered":"<p>[vc_row][vc_column][vc_column_text] Cos\u2019 \u00e8 l\u2019 ISEE? A cosa serve? L\u2019 I.S.E.E. \u00e8 l\u2019Indicatore della Situazione Economica Equivalente. E\u2019 utilizzato da vari Enti (Comuni, Regioni, Universit\u00e0, ed altri) per il riconoscimento di prestazioni sociali agevolate o di pubblica utilit\u00e0. Tra le prestazioni sociali agevolate collegate all\u2019 ISEE, ci sono: l\u2019erogazione dell\u2019assegno di maternit\u00e0; l\u2019erogazione dell\u2019assegno per il [&hellip;]<\/p>\n","protected":false},"author":1,"featured_media":0,"parent":0,"menu_order":0,"comment_status":"closed","ping_status":"closed","template":"","meta":{"footnotes":""},"class_list":["post-14763","page","type-page","status-publish","hentry"],"_links":{"self":[{"href":"https:\/\/www.cafconfsal.it\/centro-assistenza-fiscale\/wp-json\/wp\/v2\/pages\/14763","targetHints":{"allow":["GET"]}}],"collection":[{"href":"https:\/\/www.cafconfsal.it\/centro-assistenza-fiscale\/wp-json\/wp\/v2\/pages"}],"about":[{"href":"https:\/\/www.cafconfsal.it\/centro-assistenza-fiscale\/wp-json\/wp\/v2\/types\/page"}],"author":[{"embeddable":true,"href":"https:\/\/www.cafconfsal.it\/centro-assistenza-fiscale\/wp-json\/wp\/v2\/users\/1"}],"replies":[{"embeddable":true,"href":"https:\/\/www.cafconfsal.it\/centro-assistenza-fiscale\/wp-json\/wp\/v2\/comments?post=14763"}],"version-history":[{"count":6,"href":"https:\/\/www.cafconfsal.it\/centro-assistenza-fiscale\/wp-json\/wp\/v2\/pages\/14763\/revisions"}],"predecessor-version":[{"id":15739,"href":"https:\/\/www.cafconfsal.it\/centro-assistenza-fiscale\/wp-json\/wp\/v2\/pages\/14763\/revisions\/15739"}],"wp:attachment":[{"href":"https:\/\/www.cafconfsal.it\/centro-assistenza-fiscale\/wp-json\/wp\/v2\/media?parent=14763"}],"curies":[{"name":"wp","href":"https:\/\/api.w.org\/{rel}","templated":true}]}}