{"id":15676,"date":"2021-04-21T14:24:33","date_gmt":"2021-04-21T14:24:33","guid":{"rendered":"https:\/\/www.cafconfsal.it\/centro-assistenza-fiscale\/?page_id=15676"},"modified":"2021-07-30T12:18:20","modified_gmt":"2021-07-30T12:18:20","slug":"nuovo-assegno-familiare-unico-servira-l-isee-richiedilo-ora","status":"publish","type":"page","link":"https:\/\/www.cafconfsal.it\/centro-assistenza-fiscale\/nuovo-assegno-familiare-unico-servira-l-isee-richiedilo-ora\/","title":{"rendered":"Nuovo assegno familiare unico"},"content":{"rendered":"<section class=\"wpb-content-wrapper\"><p>[vc_row][vc_column]<h1>Nuovo assegno familiare unico<\/h1><h3 class=\"aligncenter\">AFFRETTATEVI, SERVIRA\u2019 L\u2019ISEE 2021<\/h3>[vc_single_image image=&#8221;15700&#8243; img_size=&#8221;full&#8221; alignment=&#8221;center&#8221;][vc_column_text]A luglio partir\u00e0 <strong><em>\u201cl\u2019ASSEGNO FAMILIARE UNICO\u201d,<\/em><\/strong> anche se siamo in attesa dei decreti attuativi che definiranno le modalit\u00e0 per la domanda, possiamo, per\u00f2, gi\u00e0 comunicarvi che l\u2019importo dell\u2019assegno sar\u00e0 determinato dal <a href=\"https:\/\/cafconfsal.it\/centro-assistenza-fiscale\/isee\/\">modello ISEE<\/a> 2021.<\/p>\n<p>Si tratta di un nuovo strumento a sostegno delle famiglie con figli a carico che interesser\u00e0 MILIONI DI FAMIGLIE, tra cui lavoratori dipendenti, liberi professionisti e lavoratori autonomi.<\/p>\n<p>[\/vc_column_text][vc_column_text]Fino a dicembre 2021 \u00e8 presente una misura ponte chiamata <a href=\"https:\/\/www.cafconfsal.it\/centro-assistenza-fiscale\/assegno-temporaneo-figli-minorenni-come-richiedere-l-isee-tramite-il-caf-confsal-per-la-domanda-di-assegno-temporaneo\/\">Assegno temporaneo. Qui maggiori info<\/a>.[\/vc_column_text]<a href='https:\/\/cafconfsal.it\/centro-assistenza-fiscale\/sedi-del-caf\/' target='_self' title='' class='dt-sc-button   medium    shake '  style=\"background-color:#1e73be;border-color:#1e73be;color:#ffffff;\"> Per questo \u201cAFFRETTATEVI\u201d nel richiedere il modello ISEE 2021 <\/a><div class=\"ult-spacer spacer-6a01c9016dcbb\" data-id=\"6a01c9016dcbb\" data-height=\"30\" data-height-mobile=\"30\" data-height-tab=\"30\" data-height-tab-portrait=\"\" data-height-mobile-landscape=\"\" style=\"clear:both;display:block;\"><\/div>[vc_single_image image=&#8221;15720&#8243; img_size=&#8221;full&#8221; alignment=&#8221;center&#8221; style=&#8221;vc_box_border&#8221; border_color=&#8221;sky&#8221;]<div class=\"ult-spacer spacer-6a01c9016dcd8\" data-id=\"6a01c9016dcd8\" data-height=\"30\" data-height-mobile=\"30\" data-height-tab=\"30\" data-height-tab-portrait=\"\" data-height-mobile-landscape=\"\" style=\"clear:both;display:block;\"><\/div>[\/vc_column][\/vc_row]<\/p>\n<\/section>","protected":false},"excerpt":{"rendered":"<p>[vc_row][vc_column][vc_single_image image=&#8221;15700&#8243; img_size=&#8221;full&#8221; alignment=&#8221;center&#8221;][vc_column_text]A luglio partir\u00e0 \u201cl\u2019ASSEGNO FAMILIARE UNICO\u201d, anche se siamo in attesa dei decreti attuativi che definiranno le modalit\u00e0 per la domanda, possiamo, per\u00f2, gi\u00e0 comunicarvi che l\u2019importo dell\u2019assegno sar\u00e0 determinato dal modello ISEE 2021. Si tratta di un nuovo strumento a sostegno delle famiglie con figli a carico che interesser\u00e0 MILIONI DI [&hellip;]<\/p>\n","protected":false},"author":2,"featured_media":0,"parent":0,"menu_order":0,"comment_status":"closed","ping_status":"closed","template":"","meta":{"footnotes":""},"class_list":["post-15676","page","type-page","status-publish","hentry"],"_links":{"self":[{"href":"https:\/\/www.cafconfsal.it\/centro-assistenza-fiscale\/wp-json\/wp\/v2\/pages\/15676","targetHints":{"allow":["GET"]}}],"collection":[{"href":"https:\/\/www.cafconfsal.it\/centro-assistenza-fiscale\/wp-json\/wp\/v2\/pages"}],"about":[{"href":"https:\/\/www.cafconfsal.it\/centro-assistenza-fiscale\/wp-json\/wp\/v2\/types\/page"}],"author":[{"embeddable":true,"href":"https:\/\/www.cafconfsal.it\/centro-assistenza-fiscale\/wp-json\/wp\/v2\/users\/2"}],"replies":[{"embeddable":true,"href":"https:\/\/www.cafconfsal.it\/centro-assistenza-fiscale\/wp-json\/wp\/v2\/comments?post=15676"}],"version-history":[{"count":18,"href":"https:\/\/www.cafconfsal.it\/centro-assistenza-fiscale\/wp-json\/wp\/v2\/pages\/15676\/revisions"}],"predecessor-version":[{"id":15799,"href":"https:\/\/www.cafconfsal.it\/centro-assistenza-fiscale\/wp-json\/wp\/v2\/pages\/15676\/revisions\/15799"}],"wp:attachment":[{"href":"https:\/\/www.cafconfsal.it\/centro-assistenza-fiscale\/wp-json\/wp\/v2\/media?parent=15676"}],"curies":[{"name":"wp","href":"https:\/\/api.w.org\/{rel}","templated":true}]}}