{"id":2428,"date":"2018-03-13T20:30:55","date_gmt":"2018-03-13T19:30:55","guid":{"rendered":"http:\/\/www.cafconfsal.it\/?page_id=2428"},"modified":"2021-03-16T13:46:59","modified_gmt":"2021-03-16T13:46:59","slug":"adesioni-caf-confsal-professionisti-tributarista-un-commercialista-un-consulente-del-lavoro","status":"publish","type":"page","link":"https:\/\/www.cafconfsal.it\/centro-assistenza-fiscale\/adesioni-caf-confsal-professionisti-tributarista-un-commercialista-un-consulente-del-lavoro\/","title":{"rendered":"Vuoi aprire una sede di Caf? Ecco come aderire al Caf Confsal!"},"content":{"rendered":"<section class=\"wpb-content-wrapper\"><p>[vc_row][vc_column][vc_column_text]<a href=\"#formadesione\">Se vuoi aderire al Cal Confsal<\/a> e sei un tributarista, un commercialista, un consulente del lavoro o altra figura professionale,\u00a0 un centro elaborazione, un&#8217; associazione sindacale Scrivici utilizzando la form sottostante. Oppure guarda come <a href=\"https:\/\/cafconfsal.it\/centro-assistenza-fiscale\/caf-confsal-adesione-centro-raccolta-pratiche-caf-cose-chi-puo\/\">aprire un centro raccolta pratiche del Caf Confsal &#8230; qui<\/a>?[\/vc_column_text]\n<div class=\"wpcf7 no-js\" id=\"wpcf7-f15181-o1\" lang=\"it-IT\" dir=\"ltr\">\n<div class=\"screen-reader-response\"><p role=\"status\" aria-live=\"polite\" aria-atomic=\"true\"><\/p> <ul><\/ul><\/div>\n<form action=\"\/centro-assistenza-fiscale\/wp-json\/wp\/v2\/pages\/2428#wpcf7-f15181-o1\" method=\"post\" class=\"wpcf7-form init\" aria-label=\"Modulo di contatto\" novalidate=\"novalidate\" data-status=\"init\">\n<div style=\"display: none;\">\n<input type=\"hidden\" name=\"_wpcf7\" value=\"15181\" \/>\n<input type=\"hidden\" name=\"_wpcf7_version\" value=\"5.7.7\" \/>\n<input type=\"hidden\" name=\"_wpcf7_locale\" value=\"it_IT\" \/>\n<input type=\"hidden\" name=\"_wpcf7_unit_tag\" value=\"wpcf7-f15181-o1\" \/>\n<input type=\"hidden\" name=\"_wpcf7_container_post\" value=\"0\" \/>\n<input type=\"hidden\" name=\"_wpcf7_posted_data_hash\" value=\"\" \/>\n<\/div>\n<div style=\"padding:20px; background-color:#f1f1f1;\">\n\t<p><a name=\"formadesione\"><\/a>\n\t<\/p>\n\t<p>Nome\/Ragione sociale (obbligatorio)\n\t<\/p>\n\t<p><span class=\"wpcf7-form-control-wrap\" data-name=\"your-name\"><input size=\"40\" class=\"wpcf7-form-control wpcf7-text wpcf7-validates-as-required\" aria-required=\"true\" aria-invalid=\"false\" value=\"\" type=\"text\" name=\"your-name\" \/><\/span><br \/>\n&nbsp;\n\t<\/p>\n\t<p>Email (obbligatorio)\n\t<\/p>\n\t<p><span class=\"wpcf7-form-control-wrap\" data-name=\"your-email\"><input size=\"40\" class=\"wpcf7-form-control wpcf7-text wpcf7-email wpcf7-validates-as-required wpcf7-validates-as-email\" aria-required=\"true\" aria-invalid=\"false\" value=\"\" type=\"email\" name=\"your-email\" \/><\/span><br \/>\n&nbsp;\n\t<\/p>\n\t<p>Recapito (obbligatorio)\n\t<\/p>\n\t<p><span class=\"wpcf7-form-control-wrap\" data-name=\"your-phone\"><input size=\"40\" class=\"wpcf7-form-control wpcf7-text wpcf7-validates-as-required\" aria-required=\"true\" aria-invalid=\"false\" value=\"\" type=\"text\" name=\"your-phone\" \/><\/span><br \/>\n&nbsp;\n\t<\/p>\n\t<p>Messaggio\n\t<\/p>\n\t<p><span class=\"wpcf7-form-control-wrap\" data-name=\"textarea-787\"><textarea cols=\"40\" rows=\"10\" class=\"wpcf7-form-control wpcf7-textarea\" aria-invalid=\"false\" name=\"textarea-787\"><\/textarea><\/span>\n\t<\/p>\n\t<p><span class=\"wpcf7-form-control-wrap\" data-name=\"acceptance-909\"><span class=\"wpcf7-form-control wpcf7-acceptance\"><span class=\"wpcf7-list-item\"><input type=\"checkbox\" name=\"acceptance-909\" value=\"1\" aria-invalid=\"false\" \/><\/span><\/span><\/span>Ho letto <a href=\"https:\/\/www.cafconfsal.it\/centro-assistenza-fiscale\/wp-content\/uploads\/2021\/07\/Privacy-policy-sito-internet.pdf\">l'informativa sul trattamento dei dati personali<\/a>\n\t<\/p>\n\t<p><input class=\"wpcf7-form-control has-spinner wpcf7-submit\" type=\"submit\" value=\"invia richiesta\" \/>\n\t<\/p>\n<\/div><input type='hidden' class='wpcf7-pum' value='{\"closepopup\":false,\"closedelay\":0,\"openpopup\":false,\"openpopup_id\":0}' \/><div class=\"wpcf7-response-output\" aria-hidden=\"true\"><\/div>\n<\/form>\n<\/div>\n<div class=\"ult-spacer spacer-69f1ec218c548\" data-id=\"69f1ec218c548\" data-height=\"20\" data-height-mobile=\"20\" data-height-tab=\"20\" data-height-tab-portrait=\"\" data-height-mobile-landscape=\"\" style=\"clear:both;display:block;\"><\/div><h3>Perch\u00e8 aderire al Caf Confsal<\/h3>[vc_column_text]A chi decide di aderire al Caf Confsal, offriamo i seguenti servizi:<\/p>\n<ul>\n<li>Alleggerimento dei tanti adempimenti per il professionista<\/li>\n<li>Suite fiscale Zucchetti completa e gratuita<\/li>\n<li>Controllo immediato degli errori<\/li>\n<li>Compenso per l\u2019attivit\u00e0 svolta<\/li>\n<li>Polizza assicurativa gratuita<\/li>\n<li>Crediti formazione professionale certificati e gratuiti<\/li>\n<li>Riduzione del rischio delle sanzioni altissime attualmente previste dalla legge<\/li>\n<\/ul>\n<h3>Il CAF Confsal, inoltre offre\u00a0<u>gratuitamente<\/u>\u00a0alle proprie sedi:<\/h3>\n<ol>\n<li>Il\u00a0software(Fornito da\u00a0Zucchetti\u00a0e funzionante in Windows, in Mac Os e su Android) per la compilazione e trasmissione delle dichiarazioni, in versione Web. Il software contiene gli applicativi per la gestione di: 730, Unico, Iuc, 770, Isee, Red, INV\/ICRIC;<\/li>\n<li>La\u00a0manualistica\u00a0per la compilazione delle dichiarazioni;<\/li>\n<li>L\u2019assistenza del Centro elaborazione dati\u00a0per la soluzione delle problematiche di carattere tecnico e\/o fiscale;<\/li>\n<li>L\u2019assistenza online\u00a0sul sito Internet attraverso circolari, materiale illustrativo, servizio FAQ;<\/li>\n<li>I\u00a0corsi di aggiornamento\u00a0periodicamente tenuti su tutto il territorio nazionale;<\/li>\n<li>I\u00a0corsi di aggiornamento su piattaforma e-learning\u00a0di Euroconference che attribuiscono fino a 20 crediti formativi riconosciuti dagli Ordini dei dottori commercialisti ed esperti contabili e dei consulenti del lavoro;<\/li>\n<li>La\u00a0polizza assicurativa\u00a0per gli errori commessi in sede di assistenza fiscale;<\/li>\n<li>La trasmissione ai sostituti d\u2019imposta dei 730\/4 delle dichiarazioni 730;<\/li>\n<li>La gestione delle dichiarazioni integrative e correttive;<\/li>\n<li>La verifica e trasmissione delle dichiarazioni RED, ISEE, INV\/ICRIC;<\/li>\n<li>La verifica e trasmissione agli Enti locali e alle Universit\u00e0 delle dichiarazioni Isee aggiuntive;<\/li>\n<li>Il ritiro presso la Vs. sede delle pratiche cartacee e l\u2019archiviazione presso i propri magazzini;<\/li>\n<li>In qualit\u00e0 di intermediario, il servizio di trasmissione telematica all\u2019Agenzia delle Entrate;<\/li>\n<li>L\u2019archiviazione (e la possibilit\u00e0 di consultazione) in formato digitale della documentazione di supporto delle dichiarazioni.<\/li>\n<\/ol>\n<p>Altres\u00ec,\u00a0il CAF riconosce un compenso per le pratiche raccolte commisurato alla produzione raggiunta.<\/p>\n<p>Per ottenere informazioni per aderire al Caf Confsal, compila il <a href=\"#formadesione\">form<\/a>.<\/p>\n<h3>Altri motivi per aderire<\/h3>\n<p style=\"text-align: justify;\"><strong>Gli adempimenti in termini operativi ed economici sono troppi? Sei stufo di perdere tempo e rischiare di incorrere in sanzioni?<\/strong><\/p>\n<p style=\"text-align: justify;\">Preoccupati solo di raccogliere e trasmettere le dichiarazioni dei redditi e delega al CAF tutti gli altri adempimenti. Sarai seguito da una assistenza completa in modo da ridurre al minimo il rischio di errore nella compilazione del modello 730 e, quindi, di sanzioni.<\/p>\n<p style=\"text-align: justify;\">Il CAF CONFSAL \u00e8 un centro di assistenza fiscale autorizzato da 25 anni, con pi\u00f9 di 500 strutture aderenti. I nostri servizi sono concepiti al fine di garantire la massima semplicit\u00e0 nella gestione delle pratiche dichiarative.<\/p>\n<p style=\"text-align: justify;\">Forniamo assistenza fiscale per la compilazione del Mod 730, Iuc, Unico persone fisiche e Trasmissione telematica di tutte le tipologie di dichiarazioni fiscali. Siamo rispettosi delle norme e dedichiamo molta attenzione a ci\u00f2 che la legge o le amministrazioni impongono.<\/p>\n<p style=\"text-align: justify;\">I <b>vantaggi di diventare<\/b> un ufficio convenzionato CAF CONFSAL sono:<\/p>\n<ul style=\"text-align: justify;\">\n<li>Convenzioni agevolate;<\/li>\n<li>Assistenza completa;<\/li>\n<li>Attraverso assistenza online e telefonica, invio di circolari, materiale illustrativo e video-corsi.<\/li>\n<\/ul>\n<p style=\"text-align: justify;\"><strong>Formazione certificata<\/strong><br \/>\nChi segue i nostri corsi di aggiornamento, erogati in modalit\u00e0 e-learning, matura i crediti formativi previsti dall\u2019ordine professionale e da esso riconosciuti nell\u2019ambito della formazione professionale obbligatoria.<\/p>\n<p style=\"text-align: justify;\"><strong>Controlli per correggere gli errori e riduzione del rischio<\/strong><br \/>\nIn caso di sanzione, il 70% della penalit\u00e0 viene pagata da CAF CONFSAL, il professionista \u00e8 tenuto a rispondere solamente del 30% dei compensi che gli spettano. Non abbiamo dichiarazioni omesse, che non risultano mai essere state presentate.<\/p>\n<p style=\"text-align: justify;\"><strong>Mettiamo a disposizione gratuitamente il Software fiscale Zucchetti, leader di mercato nel mondo dei 730.<\/strong><br \/>\n<strong>Tutte le procedure che seguono la compilazione sono completamente a nostro carico.<\/strong><\/p>\n<hr \/>\n<p>Il professionista pu\u00f2 gestire queste pratiche come tutte le altre dichiarazioni che fa nel suo studio. Deve unicamente preoccuparsi di compilare la dichiarazione e inviarla. Ci occupiamo noi di tutti gli altri adempimenti. Una volta ultimata la dichiarazione, non si deve preoccupare pi\u00f9 di nulla, se non di rispondere al CAF che magari evidenzia un errore o una correzione da apportare.<\/p>\n<ul>\n<li><strong>Sistema Personal CAF: portiamo i clienti direttamente ai professionisti.<\/strong><\/li>\n<\/ul>\n<p>Diamo la possibilit\u00e0 all\u2019utente finale di compilare la dichiarazione dei redditi online dopo essersi autenticato sul nostro sito. Il contribuente, all\u2019interno del suo pannello personale, invia direttamente al professionista la dichiarazione gi\u00e0 compilata. A questo punto, tutto ci\u00f2 che il professionista deve fare \u00e8 controllarla e inviarla; ci\u00f2 comporta di conseguenza un\u2019elevata ottimizzazione dei tempi.<\/p>\n<ul>\n<li><strong>Possibilit\u00e0 di allagare lo spettro di attivit\u00e0 (non solo 730) tramite servizi aggiuntivi.<\/strong><\/li>\n<li><strong>Efficienza nella risoluzione di eventuali problemi tecnici.<\/strong><\/li>\n<\/ul>\n<p><strong>Per informazioni sull&#8217; adesione utilizza il <a href=\"#formadesione\">form<\/a> sottostante.<\/strong>[\/vc_column_text]<h2>Richiedi informazioni per aprire una sede del Caf Confsal<\/h2>\n<div class=\"wpcf7 no-js\" id=\"wpcf7-f15181-o2\" lang=\"it-IT\" dir=\"ltr\">\n<div class=\"screen-reader-response\"><p role=\"status\" aria-live=\"polite\" aria-atomic=\"true\"><\/p> <ul><\/ul><\/div>\n<form action=\"\/centro-assistenza-fiscale\/wp-json\/wp\/v2\/pages\/2428#wpcf7-f15181-o2\" method=\"post\" class=\"wpcf7-form init\" aria-label=\"Modulo di contatto\" novalidate=\"novalidate\" data-status=\"init\">\n<div style=\"display: none;\">\n<input type=\"hidden\" name=\"_wpcf7\" value=\"15181\" \/>\n<input type=\"hidden\" name=\"_wpcf7_version\" value=\"5.7.7\" \/>\n<input type=\"hidden\" name=\"_wpcf7_locale\" value=\"it_IT\" \/>\n<input type=\"hidden\" name=\"_wpcf7_unit_tag\" value=\"wpcf7-f15181-o2\" \/>\n<input type=\"hidden\" name=\"_wpcf7_container_post\" value=\"0\" \/>\n<input type=\"hidden\" name=\"_wpcf7_posted_data_hash\" value=\"\" \/>\n<\/div>\n<div style=\"padding:20px; background-color:#f1f1f1;\">\n\t<p><a name=\"formadesione\"><\/a>\n\t<\/p>\n\t<p>Nome\/Ragione sociale (obbligatorio)\n\t<\/p>\n\t<p><span class=\"wpcf7-form-control-wrap\" data-name=\"your-name\"><input size=\"40\" class=\"wpcf7-form-control wpcf7-text wpcf7-validates-as-required\" aria-required=\"true\" aria-invalid=\"false\" value=\"\" type=\"text\" name=\"your-name\" \/><\/span><br \/>\n&nbsp;\n\t<\/p>\n\t<p>Email (obbligatorio)\n\t<\/p>\n\t<p><span class=\"wpcf7-form-control-wrap\" data-name=\"your-email\"><input size=\"40\" class=\"wpcf7-form-control wpcf7-text wpcf7-email wpcf7-validates-as-required wpcf7-validates-as-email\" aria-required=\"true\" aria-invalid=\"false\" value=\"\" type=\"email\" name=\"your-email\" \/><\/span><br \/>\n&nbsp;\n\t<\/p>\n\t<p>Recapito (obbligatorio)\n\t<\/p>\n\t<p><span class=\"wpcf7-form-control-wrap\" data-name=\"your-phone\"><input size=\"40\" class=\"wpcf7-form-control wpcf7-text wpcf7-validates-as-required\" aria-required=\"true\" aria-invalid=\"false\" value=\"\" type=\"text\" name=\"your-phone\" \/><\/span><br \/>\n&nbsp;\n\t<\/p>\n\t<p>Messaggio\n\t<\/p>\n\t<p><span class=\"wpcf7-form-control-wrap\" data-name=\"textarea-787\"><textarea cols=\"40\" rows=\"10\" class=\"wpcf7-form-control wpcf7-textarea\" aria-invalid=\"false\" name=\"textarea-787\"><\/textarea><\/span>\n\t<\/p>\n\t<p><span class=\"wpcf7-form-control-wrap\" data-name=\"acceptance-909\"><span class=\"wpcf7-form-control wpcf7-acceptance\"><span class=\"wpcf7-list-item\"><input type=\"checkbox\" name=\"acceptance-909\" value=\"1\" aria-invalid=\"false\" \/><\/span><\/span><\/span>Ho letto <a href=\"https:\/\/www.cafconfsal.it\/centro-assistenza-fiscale\/wp-content\/uploads\/2021\/07\/Privacy-policy-sito-internet.pdf\">l'informativa sul trattamento dei dati personali<\/a>\n\t<\/p>\n\t<p><input class=\"wpcf7-form-control has-spinner wpcf7-submit\" type=\"submit\" value=\"invia richiesta\" \/>\n\t<\/p>\n<\/div><input type='hidden' class='wpcf7-pum' value='{\"closepopup\":false,\"closedelay\":0,\"openpopup\":false,\"openpopup_id\":0}' \/><div class=\"wpcf7-response-output\" aria-hidden=\"true\"><\/div>\n<\/form>\n<\/div>\n<div class=\"ult-spacer spacer-69f1ec218c838\" data-id=\"69f1ec218c838\" data-height=\"20\" data-height-mobile=\"20\" data-height-tab=\"20\" data-height-tab-portrait=\"\" data-height-mobile-landscape=\"\" style=\"clear:both;display:block;\"><\/div><h2>Servizi aggiuntivi (a pagamento) offerti a chi decide di aderire<\/h2>[vc_column_text]Il Caf inoltre fornisce alcuni servizi a pagamento tra i quali:<\/p>\n<ul>\n<li><strong>Visure catastali;<\/strong><\/li>\n<li><strong>Dichiarazioni successione<\/strong>: Software e manuali d\u2019uso;<\/li>\n<li><strong>Trasmissione telematica dichiarazioni in qualit\u00e0 di intermediario;<\/strong><\/li>\n<li><strong>Trasmissione telematica modelli F24 in qualit\u00e0 di intermediario;<\/strong><\/li>\n<li><strong>Registrazione telematica contratti di locazione;<\/strong><\/li>\n<li><strong>Gestione integrata contratti di locazione<\/strong>\u00a0(Generazione contratti, modelli di registrazione e di pagamento e trasmissione telematica);<\/li>\n<li><strong>Colf e Badanti<\/strong>\u00a0a prezzi estremamente concorrenziali<\/li>\n<li>Tutti i\u00a0<strong>servizi camerali di Visura S.p.A.<\/strong> a condizioni estremamente favorevoli.<\/li>\n<\/ul>\n<p>[\/vc_column_text]<h2>Richiedi informazioni per aderire al Caf Confsal<\/h2>\n<div class=\"wpcf7 no-js\" id=\"wpcf7-f15181-o3\" lang=\"it-IT\" dir=\"ltr\">\n<div class=\"screen-reader-response\"><p role=\"status\" aria-live=\"polite\" aria-atomic=\"true\"><\/p> <ul><\/ul><\/div>\n<form action=\"\/centro-assistenza-fiscale\/wp-json\/wp\/v2\/pages\/2428#wpcf7-f15181-o3\" method=\"post\" class=\"wpcf7-form init\" aria-label=\"Modulo di contatto\" novalidate=\"novalidate\" data-status=\"init\">\n<div style=\"display: none;\">\n<input type=\"hidden\" name=\"_wpcf7\" value=\"15181\" \/>\n<input type=\"hidden\" name=\"_wpcf7_version\" value=\"5.7.7\" \/>\n<input type=\"hidden\" name=\"_wpcf7_locale\" value=\"it_IT\" \/>\n<input type=\"hidden\" name=\"_wpcf7_unit_tag\" value=\"wpcf7-f15181-o3\" \/>\n<input type=\"hidden\" name=\"_wpcf7_container_post\" value=\"0\" \/>\n<input type=\"hidden\" name=\"_wpcf7_posted_data_hash\" value=\"\" \/>\n<\/div>\n<div style=\"padding:20px; background-color:#f1f1f1;\">\n\t<p><a name=\"formadesione\"><\/a>\n\t<\/p>\n\t<p>Nome\/Ragione sociale (obbligatorio)\n\t<\/p>\n\t<p><span class=\"wpcf7-form-control-wrap\" data-name=\"your-name\"><input size=\"40\" class=\"wpcf7-form-control wpcf7-text wpcf7-validates-as-required\" aria-required=\"true\" aria-invalid=\"false\" value=\"\" type=\"text\" name=\"your-name\" \/><\/span><br \/>\n&nbsp;\n\t<\/p>\n\t<p>Email (obbligatorio)\n\t<\/p>\n\t<p><span class=\"wpcf7-form-control-wrap\" data-name=\"your-email\"><input size=\"40\" class=\"wpcf7-form-control wpcf7-text wpcf7-email wpcf7-validates-as-required wpcf7-validates-as-email\" aria-required=\"true\" aria-invalid=\"false\" value=\"\" type=\"email\" name=\"your-email\" \/><\/span><br \/>\n&nbsp;\n\t<\/p>\n\t<p>Recapito (obbligatorio)\n\t<\/p>\n\t<p><span class=\"wpcf7-form-control-wrap\" data-name=\"your-phone\"><input size=\"40\" class=\"wpcf7-form-control wpcf7-text wpcf7-validates-as-required\" aria-required=\"true\" aria-invalid=\"false\" value=\"\" type=\"text\" name=\"your-phone\" \/><\/span><br \/>\n&nbsp;\n\t<\/p>\n\t<p>Messaggio\n\t<\/p>\n\t<p><span class=\"wpcf7-form-control-wrap\" data-name=\"textarea-787\"><textarea cols=\"40\" rows=\"10\" class=\"wpcf7-form-control wpcf7-textarea\" aria-invalid=\"false\" name=\"textarea-787\"><\/textarea><\/span>\n\t<\/p>\n\t<p><span class=\"wpcf7-form-control-wrap\" data-name=\"acceptance-909\"><span class=\"wpcf7-form-control wpcf7-acceptance\"><span class=\"wpcf7-list-item\"><input type=\"checkbox\" name=\"acceptance-909\" value=\"1\" aria-invalid=\"false\" \/><\/span><\/span><\/span>Ho letto <a href=\"https:\/\/www.cafconfsal.it\/centro-assistenza-fiscale\/wp-content\/uploads\/2021\/07\/Privacy-policy-sito-internet.pdf\">l'informativa sul trattamento dei dati personali<\/a>\n\t<\/p>\n\t<p><input class=\"wpcf7-form-control has-spinner wpcf7-submit\" type=\"submit\" value=\"invia richiesta\" \/>\n\t<\/p>\n<\/div><input type='hidden' class='wpcf7-pum' value='{\"closepopup\":false,\"closedelay\":0,\"openpopup\":false,\"openpopup_id\":0}' \/><div class=\"wpcf7-response-output\" aria-hidden=\"true\"><\/div>\n<\/form>\n<\/div>\n<div class=\"ult-spacer spacer-69f1ec218cb17\" data-id=\"69f1ec218cb17\" data-height=\"45\" data-height-mobile=\"45\" data-height-tab=\"45\" data-height-tab-portrait=\"\" data-height-mobile-landscape=\"\" style=\"clear:both;display:block;\"><\/div>[\/vc_column][\/vc_row]<\/p>\n<\/section>","protected":false},"excerpt":{"rendered":"<p>[vc_row][vc_column][vc_column_text]Se vuoi aderire al Cal Confsal e sei un tributarista, un commercialista, un consulente del lavoro o altra figura professionale,\u00a0 un centro elaborazione, un&#8217; associazione sindacale Scrivici utilizzando la form sottostante. Oppure guarda come aprire un centro raccolta pratiche del Caf Confsal &#8230; qui?[\/vc_column_text][vc_column_text]A chi decide di aderire al Caf Confsal, offriamo i seguenti servizi: [&hellip;]<\/p>\n","protected":false},"author":1,"featured_media":0,"parent":0,"menu_order":0,"comment_status":"closed","ping_status":"closed","template":"","meta":{"footnotes":""},"class_list":["post-2428","page","type-page","status-publish","hentry"],"_links":{"self":[{"href":"https:\/\/www.cafconfsal.it\/centro-assistenza-fiscale\/wp-json\/wp\/v2\/pages\/2428","targetHints":{"allow":["GET"]}}],"collection":[{"href":"https:\/\/www.cafconfsal.it\/centro-assistenza-fiscale\/wp-json\/wp\/v2\/pages"}],"about":[{"href":"https:\/\/www.cafconfsal.it\/centro-assistenza-fiscale\/wp-json\/wp\/v2\/types\/page"}],"author":[{"embeddable":true,"href":"https:\/\/www.cafconfsal.it\/centro-assistenza-fiscale\/wp-json\/wp\/v2\/users\/1"}],"replies":[{"embeddable":true,"href":"https:\/\/www.cafconfsal.it\/centro-assistenza-fiscale\/wp-json\/wp\/v2\/comments?post=2428"}],"version-history":[{"count":25,"href":"https:\/\/www.cafconfsal.it\/centro-assistenza-fiscale\/wp-json\/wp\/v2\/pages\/2428\/revisions"}],"predecessor-version":[{"id":15450,"href":"https:\/\/www.cafconfsal.it\/centro-assistenza-fiscale\/wp-json\/wp\/v2\/pages\/2428\/revisions\/15450"}],"wp:attachment":[{"href":"https:\/\/www.cafconfsal.it\/centro-assistenza-fiscale\/wp-json\/wp\/v2\/media?parent=2428"}],"curies":[{"name":"wp","href":"https:\/\/api.w.org\/{rel}","templated":true}]}}