{"id":4329,"date":"2018-04-19T18:48:12","date_gmt":"2018-04-19T18:48:12","guid":{"rendered":"http:\/\/www.cafconfsal.it\/cookie-policy\/"},"modified":"2021-02-26T14:36:34","modified_gmt":"2021-02-26T14:36:34","slug":"cookie-policy","status":"publish","type":"page","link":"https:\/\/www.cafconfsal.it\/centro-assistenza-fiscale\/cookie-policy\/","title":{"rendered":"Informativa Cookie ok"},"content":{"rendered":"<p style=\"text-align: justify;\">Il nostro sito web utilizza cookie e tecnologie simili per garantire il corretto funzionamento delle procedure e migliorare l\u2019esperienza di uso delle applicazioni online. Il presente documento fornisce informazioni dettagliate sull\u2019uso dei cookie e di tecnologie similari, su come sono da noi utilizzati e su come gestirli.<\/p>\n<p style=\"text-align: justify;\"><strong>Definizioni<\/strong><br \/>\nI cookie sono brevi frammenti di testo (lettere e\/o numeri) che permettono al server web di memorizzare sul client (il browser) informazioni da riutilizzare nel corso della medesima visita al sito (cookie di sessione) o in seguito, anche a distanza di giorni (cookie persistenti). I cookie vengono memorizzati, in base alle preferenze dell\u2019utente, dal singolo browser sullo specifico dispositivo utilizzato (computer, tablet, smartphone).<\/p>\n<p style=\"text-align: justify;\">Tecnologie similari, come, ad esempio, web beacon, GIF trasparenti e tutte le forme di storage locale introdotte con HTML5, sono utilizzabili per raccogliere informazioni sul comportamento dell\u2019utente e sull\u2019utilizzo dei servizi.<\/p>\n<p style=\"text-align: justify;\">Nel seguito di questo documento faremo riferimento ai cookie e a tutte le tecnologie similari utilizzando semplicemente il termine \u201ccookie\u201d.<\/p>\n<p style=\"text-align: justify;\"><strong>Tipologie di cookie<\/strong><br \/>\nIn base alle caratteristiche e all\u2019utilizzo dei cookie possiamo distinguere diverse categorie:<\/p>\n<p style=\"text-align: justify;\"><strong>Cookie strettamente necessari<\/strong>. Si tratta di cookie indispensabili per il corretto funzionamento del nostro sito e sono utilizzati per gestire il login e l\u2019accesso alle funzioni riservate del sito. La durata dei cookie \u00e8 strettamente limitata alla sessione di lavoro (chiuso il browser vengono cancellati), ad eccezione di alcuni cookie tecnici dove si utilizza un durata pi\u00f9 lunga (con scadenza 30 giorni) volti a riconoscere, per tale limitato periodo, il computer del visitatore \u2013 attraverso un codice alfa-numerico generato alla prima sessione di accesso \u2013 in modo da riproporgli alcuni dati precompilati dall\u2019utente e rendere migliore la navigazione e l\u2019esperienza utente. La loro disattivazione compromette l\u2019utilizzo dei servizi accessibili da login. La parte pubblica del nostro sito resta normalmente utilizzabile.<\/p>\n<p style=\"text-align: justify;\"><strong>Cookie di analisi e prestazioni<br \/>\n<\/strong>Sono cookie utilizzati per raccogliere e analizzare il traffico e l\u2019utilizzo del sito in modo anonimo. Questi cookie, pur senza identificare l\u2019utente, consentono, per esempio, di rilevare se il medesimo utente torna a collegarsi in momenti diversi. Permettono inoltre di monitorare il sistema e migliorarne le prestazioni e l\u2019usabilit\u00e0. La disattivazione di tali cookie pu\u00f2 essere eseguita senza alcuna perdita di funzionalit\u00e0.<\/p>\n<p style=\"text-align: justify;\"><strong>Cookie di profilazione<br \/>\n<\/strong>Si tratta di cookie permanenti utilizzati per identificare (in modo anonimo e non) le preferenze dell\u2019utente e migliorare la sua esperienza di navigazione. I nostri siti utilizzano cookie di questo tipo solo per memorizzare il posizionamento di alcuni elemti sull\u2019interfaccia per rendere migliore la fruibilit\u00e0 della stessa.<\/p>\n<p style=\"text-align: justify;\"><strong>Cookie di terze parti<\/strong><br \/>\nVisitando un sito web si possono ricevere cookie sia dal sito visitato (\u201cproprietari\u201d), sia da siti gestiti da altre organizzazioni (\u201cterze parti\u201d). Un esempio notevole \u00e8 rappresentato dalla presenza dei \u201csocial plugin\u201d per Facebook, Twitter, Google+ e LinkedIn. Si tratta di parti della pagina visitata generate direttamente dai suddetti siti ed integrati nella pagina del sito ospitante. L\u2019utilizzo pi\u00f9 comune dei social plugin \u00e8 finalizzato alla condivisione dei contenuti sui social network.<\/p>\n<p style=\"text-align: justify;\">La presenza di questi plugin comporta la trasmissione di cookie da e verso tutti i siti gestiti da terze parti. La gestione delle informazioni raccolte da \u201cterze parti\u201d \u00e8 disciplinata dalle relative informative cui si prega di fare riferimento. Per garantire una maggiore trasparenza e comodit\u00e0, si riportano qui di seguito gli indirizzi web delle diverse informative e delle modalit\u00e0 per la gestione dei cookie.<\/p>\n<p style=\"text-align: justify;\">Facebook informativa:\u00a0<a href=\"https:\/\/www.facebook.com\/help\/cookies\/\" target=\"_blank\" rel=\"noopener\">https:\/\/www.facebook.com\/help\/cookies\/<\/a><\/p>\n<p style=\"text-align: justify;\">Facebook (configurazione): accedere al proprio account. Sezione privacy.<\/p>\n<p style=\"text-align: justify;\">Twitter informative:\u00a0<a href=\"https:\/\/support.twitter.com\/articles\/20170514\" target=\"_blank\" rel=\"noopener\">https:\/\/support.twitter.com\/articles\/20170514<\/a><\/p>\n<p style=\"text-align: justify;\">Twitter (configurazione):\u00a0<a href=\"https:\/\/twitter.com\/settings\/security\" target=\"_blank\" rel=\"noopener\">https:\/\/twitter.com\/settings\/security<\/a><\/p>\n<p style=\"text-align: justify;\">Linkedin informativa:\u00a0<a href=\"https:\/\/www.linkedin.com\/legal\/cookie-policy\" target=\"_blank\" rel=\"noopener\">https:\/\/www.linkedin.com\/legal\/cookie-policy<\/a><\/p>\n<p style=\"text-align: justify;\">Linkedin (configurazione):\u00a0<a href=\"https:\/\/www.linkedin.com\/settings\/\" target=\"_blank\" rel=\"noopener\">https:\/\/www.linkedin.com\/settings\/<\/a><\/p>\n<p style=\"text-align: justify;\">Google+ informativa:\u00a0<a href=\"http:\/\/www.google.it\/intl\/it\/policies\/technologies\/cookie\" target=\"_blank\" rel=\"noopener\">http:\/\/www.google.it\/intl\/it\/policies\/technologies\/cookies\/<\/a><\/p>\n<p style=\"text-align: justify;\">Google+ (configurazione):\u00a0<a href=\"http:\/\/www.google.it\/intl\/it\/policies\/technologies\/managing\/\" target=\"_blank\" rel=\"noopener\">http:\/\/www.google.it\/intl\/it\/policies\/technologies\/managing\/<\/a><\/p>\n<p style=\"text-align: justify;\"><strong>Google Analytics<\/strong><br \/>\nIl nostro sito include anche talune componenti trasmesse da Google Analytics, un servizio di analisi del traffico web fornito da Google, Inc. (\u201cGoogle\u201d). Anche in questo caso si tratta di cookie di terze parti raccolti e gestiti in modo anonimo per monitorare e migliorare le prestazioni del sito ospite (performance cookie).<\/p>\n<p style=\"text-align: justify;\">Google Analytics utilizza i \u201ccookie\u201d per raccogliere e analizzare in forma anonima le informazioni sui comportamenti di utilizzo del nostro sito (compreso l\u2019indirizzo IP dell\u2019utente). Tali informazioni vengono raccolte da Google Analytics, che le elabora allo scopo di redigere report per i nostri operatori riguardanti le attivit\u00e0 sul sito web stesso. Questo sito non utilizza (e non consente a terzi di utilizzare) lo strumento di analisi di Google per monitorare o per raccogliere informazioni personali di identificazione. Google non associa l\u2019indirizzo IP a nessun altro dato posseduto da Google n\u00e9 cerca di collegare un indirizzo IP con l\u2019identit\u00e0 di un utente. Google pu\u00f2 anche comunicare queste informazioni a terzi ove ci\u00f2 sia imposto dalla legge o laddove tali terzi trattino le suddette informazioni per conto di Google.<\/p>\n<p style=\"text-align: justify;\">Per ulteriori informazioni, si rinvia al link di seguito indicato:<\/p>\n<p style=\"text-align: justify;\"><a href=\"https:\/\/www.google.it\/policies\/privacy\/partners\/\" target=\"_blank\" rel=\"noopener\">https:\/\/www.google.it\/policies\/privacy\/partners\/<\/a><\/p>\n<p style=\"text-align: justify;\">L\u2019utente pu\u00f2 disabilitare in modo selettivo l\u2019azione di Google Analytics installando sul proprio browser la componente di opt-out fornito da Google. Per disabilitare l\u2019azione di Google Analytics, si rinvia al link di seguito indicato:<\/p>\n<p style=\"text-align: justify;\"><a href=\"https:\/\/tools.google.com\/dlpage\/gaoptout\" target=\"_blank\" rel=\"noopener\">https:\/\/tools.google.com\/dlpage\/gaoptout<\/a><\/p>\n<p style=\"text-align: justify;\"><strong>Durata dei cookie<\/strong><br \/>\nAlcuni cookie (cookie di sessione) restano attivi solo fino alla chiusura del browser o all\u2019esecuzione del comando di logout. Altri cookie \u201csopravvivono\u201d alla chiusura del browser e sono disponibili anche in successive visite dell\u2019utente.<\/p>\n<p style=\"text-align: justify;\">Questi cookie sono detti persistenti e la loro durata \u00e8 fissata dal server al momento della loro creazione. In alcuni casi \u00e8 fissata una scadenza, in altri casi la durata \u00e8 illimitata.<\/p>\n<p style=\"text-align: justify;\">il nostro sito non fa uso di cookie persistenti , ad eccezione di quelli in relazione a cui le informazioni sono memorizzate esclusivamente per finalit\u00e0 tecniche.<\/p>\n<p style=\"text-align: justify;\">Tuttavia, navigando sulle pagine del nostro sito, si pu\u00f2 interagire con siti gestiti da terze parti che possono creare o modificare cookie permanenti e di profilazione.<\/p>\n<p style=\"text-align: justify;\"><strong>Gestione dei cookie<\/strong><br \/>\nL\u2019utente pu\u00f2 decidere se accettare o meno i cookie utilizzando le impostazioni del proprio browser.<\/p>\n<p style=\"text-align: justify;\">Attenzione: la disabilitazione totale o parziale dei cookie tecnici pu\u00f2 compromettere l\u2019utilizzo delle funzionalit\u00e0 del sito riservate agli utenti registrati. Al contrario, la fruibilit\u00e0 dei contenuti pubblici \u00e8 possibile anche disabilitando completamente i cookie.<\/p>\n<p style=\"text-align: justify;\">La disabilitazione dei cookie \u201cterze parti\u201d non pregiudica in alcun modo la navigabilit\u00e0.<\/p>\n<p style=\"text-align: justify;\">L\u2019impostazione pu\u00f2 essere definita in modo specifico per i diversi siti e applicazioni web. Inoltre i migliori browser consentono di definire impostazioni diverse per i cookie \u201cproprietari\u201d e per quelli di \u201cterze parti\u201d.<\/p>\n<p style=\"text-align: justify;\">A titolo di esempio, in Firefox, attraverso il menu Strumenti -&gt; Opzioni -&gt; Privacy, \u00e8 possibile accedere ad un pannello di controllo dove \u00e8 possibile definire se accettare o meno i diversi tipi di cookie e procedere alla loro rimozione.<\/p>\n<p style=\"text-align: justify;\">Chrome:\u00a0<a href=\"https:\/\/support.google.com\/chrome\/answer\/95647?hl=it\" target=\"_blank\" rel=\"noopener\">https:\/\/support.google.com\/chrome\/answer\/95647?hl=it<\/a><\/p>\n<p style=\"text-align: justify;\">Firefox:\u00a0<a href=\"https:\/\/support.mozilla.org\/it\/kb\/Gestione%20dei%20cookie\" target=\"_blank\" rel=\"noopener\">https:\/\/support.mozilla.org\/it\/kb\/Gestione%20dei%20cookie<\/a><\/p>\n<p style=\"text-align: justify;\">Internet Explorer:\u00a0<a href=\"http:\/\/windows.microsoft.com\/it-it\/windows7\/how-to-manage-cookies-in-internet-explorer-9\" target=\"_blank\" rel=\"noopener\">http:\/\/windows.microsoft.com\/it-it\/windows7\/how-to-manage-cookies-in-internet-explorer-9<\/a><\/p>\n<p style=\"text-align: justify;\">Opera:\u00a0<a href=\"http:\/\/help.opera.com\/Windows\/10.00\/it\/cookies.html\" target=\"_blank\" rel=\"noopener\">http:\/\/help.opera.com\/Windows\/10.00\/it\/cookies.html<\/a><\/p>\n<p style=\"text-align: justify;\">Safari:\u00a0<a href=\"http:\/\/support.apple.com\/kb\/HT1677?viewlocale=it_IT\" target=\"_blank\" rel=\"noopener\">http:\/\/support.apple.com\/kb\/HT1677?viewlocale=it_IT<\/a><\/p>\n","protected":false},"excerpt":{"rendered":"<p>Il nostro sito web utilizza cookie e tecnologie simili per garantire il corretto funzionamento delle procedure e migliorare l\u2019esperienza di uso delle applicazioni online. Il presente documento fornisce informazioni dettagliate sull\u2019uso dei cookie e di tecnologie similari, su come sono da noi utilizzati e su come gestirli. Definizioni I cookie sono brevi frammenti di testo [&hellip;]<\/p>\n","protected":false},"author":1,"featured_media":0,"parent":0,"menu_order":0,"comment_status":"closed","ping_status":"closed","template":"","meta":{"footnotes":""},"class_list":["post-4329","page","type-page","status-publish","hentry"],"_links":{"self":[{"href":"https:\/\/www.cafconfsal.it\/centro-assistenza-fiscale\/wp-json\/wp\/v2\/pages\/4329","targetHints":{"allow":["GET"]}}],"collection":[{"href":"https:\/\/www.cafconfsal.it\/centro-assistenza-fiscale\/wp-json\/wp\/v2\/pages"}],"about":[{"href":"https:\/\/www.cafconfsal.it\/centro-assistenza-fiscale\/wp-json\/wp\/v2\/types\/page"}],"author":[{"embeddable":true,"href":"https:\/\/www.cafconfsal.it\/centro-assistenza-fiscale\/wp-json\/wp\/v2\/users\/1"}],"replies":[{"embeddable":true,"href":"https:\/\/www.cafconfsal.it\/centro-assistenza-fiscale\/wp-json\/wp\/v2\/comments?post=4329"}],"version-history":[{"count":2,"href":"https:\/\/www.cafconfsal.it\/centro-assistenza-fiscale\/wp-json\/wp\/v2\/pages\/4329\/revisions"}],"predecessor-version":[{"id":14918,"href":"https:\/\/www.cafconfsal.it\/centro-assistenza-fiscale\/wp-json\/wp\/v2\/pages\/4329\/revisions\/14918"}],"wp:attachment":[{"href":"https:\/\/www.cafconfsal.it\/centro-assistenza-fiscale\/wp-json\/wp\/v2\/media?parent=4329"}],"curies":[{"name":"wp","href":"https:\/\/api.w.org\/{rel}","templated":true}]}}